{"id":295,"date":"2015-06-15T11:32:21","date_gmt":"2015-06-15T03:32:21","guid":{"rendered":"http:\/\/singaporesaxophonesymposium.com\/?page_id=295"},"modified":"2015-06-15T11:32:21","modified_gmt":"2015-06-15T03:32:21","slug":"repertoire","status":"publish","type":"page","link":"https:\/\/singaporesaxophonesymposium.com\/2015\/about\/repertoire\/","title":{"rendered":"Repertoire"},"content":{"rendered":"<h2>Repertoire<\/h2>\n<p>Works previously performed at past Singapore Saxophone Symposiums include:<\/p>\n<p><strong>Singapore Saxophone Symposium 2014<\/strong><\/p>\n<p><u>Javier Valerio<\/u><br \/>\nNelson Ramirez: Capricho del Campesino Triste (World Premiere)<br \/>\nCarlos Castro: Nocturno para saxof\u00f3n solo (World Premiere)<br \/>\nJavier Valerio: Bolero y Son para saxof\u00f3n soprano (World Premiere)<br \/>\nAllen Torres: Concerto parap saxof\u00f3n alto y orquesta<\/p>\n<p><u>Sugar Bear Saxophone Quartet<\/u><br \/>\nAstor Piazzolla: Decarisimo<br \/>\nDavid Maslanka: Recitation Book (selections)<br \/>\nVanich Potavanich: Deep Impression<\/p>\n<p><u>Amigo Collective<\/u><br \/>\nChristian Lauba: Hard<br \/>\nAlfred Desenclos: Prelude, Cadence et Finale<br \/>\nGrigorij Markovich: Concerto Capriccio on Themes of Paganini<br \/>\nEdison Denisov: Sonate pour saxophone Alto et piano<br \/>\nFrancis Poulenc: Trio pour piano, hautbois et bassoon<br \/>\nLin Mei Fang: Entangled (World Premiere)<br \/>\nJean Rivier: Grave et Presto<br \/>\nAustin Yip: Peninsula (World Premiere)<br \/>\nEric Whitacre: October<br \/>\nBenjamin Britten arr. Wong Tak Chiu: Frolicsome Finale from Simple Symphony<\/p>\n<p><u>Xie Liang<\/u><br \/>\nRyota Ishikawa: Rhapsody on Japanese Folk Songs for alto saxophone and piano<br \/>\nAstor Piazzolla: Tango Etudes for alto saxophone and piano (selections)<br \/>\nPhilipe Portejoie: Rose de Paris pour saxophone alto et piano<br \/>\nFrancis Poulenc arr. Xie Liang: Le Chemins de L\u2019amour pour saxophone alto et piano<\/p>\n<p><u>Chulalongkorn University Saxophone Ensemble<\/u><br \/>\nJohann Sebastian Bach arr. Tavis Jitrangsan: Toccata and Fugue in D minor, BWV 565<br \/>\nKitti Kuremanee: Maesa-sanook for Saxophone Ensemble<br \/>\nFranz Liszt arr. Warong Janpitakpong: Hungarian Rhapsody No. 2<\/p>\n<p><u>Ao Kun<\/u><br \/>\nGeorge Gershwin arr. Jun Nagao: Rhapsody in Blue<br \/>\nAstor Piazzolla: Tango Etude No. 3<br \/>\nAstor Piazzolla: Histoire du Tango<\/p>\n<p><u>Dan Gelok<\/u><br \/>\nLouis Ganne arr. Dan Gelok: Andante et Scherzo<br \/>\nChristian Lauba: Balafon<br \/>\nBill Ryan: Smoke<br \/>\nMichael Nyman: Shaping the Curve<\/p>\n<p><u>Gala Concert<\/u><br \/>\nGustav Holst arr. Christian T. Anderson: First Suite in E-flat<br \/>\nAstor Piazzolla: Allegro Tangabile<br \/>\nJohann Strauss II: Pizzicato Polka<br \/>\nVinicio Meza: Sambalada for baritone saxophone and piano<br \/>\nManuel Rosenthal: Saxophon\u2019 Marmalade<br \/>\n\u4f55\u6e05\u6d9b: \u9053\u60c5<br \/>\nLeonard Bernstein: Prelude, Fugue and Riffs<br \/>\nJohn Williams: Escapades for Alto Saxophone and Orchestra<\/p>\n<p>&nbsp;<\/p>\n<p><strong>Singapore Saxophone Symposium 2013<\/strong><\/p>\n<p><u>Amigo Collective<\/u><br \/>\nJavier Quislant: Sobre la expression del movimiento<br \/>\nStacy Garrop: Pieces of Sanity<br \/>\nTakashi Yoshimatsu: Fuzzy Bird Sonata for alto saxophone and piano<br \/>\nHindemith: Konzertst\u00fcck f\u00fcr zwei Altsaxophone<br \/>\nProkofiev: Sonata, Op. 94 (selections)<br \/>\nEmily Koh: Homonym for Saxophone Quartet<br \/>\nAlessandro Marcello: Oboe Concerto in D minor<br \/>\nGrieg: Holberg Suite, Op. 40<\/p>\n<p><u>Kenny Tsai<\/u><br \/>\nClaude Debussy: Syrinx<br \/>\nClaude Debussy: Arabesque No. 1<br \/>\nChao-Ming Tung: Dream Message (for alto saxophone and tape)<br \/>\nZechariah Goh: Taiwanese Aboriginal Folk Song Suite<br \/>\nArr. Ching-ju Shih: \u6708\u4eae\u4ee3\u8868\u6211\u7684\u5fc3<br \/>\nWilliam Albright: Sonata for Alto Saxophone and Piano<\/p>\n<p><u>Gala Concert<\/u><br \/>\nZechariah Goh: Singaporean Folk Song Medley<br \/>\nPaul Creston: Concerto for Alto Saxophone<br \/>\nJun Nagao: Octet for Saxophones<br \/>\nSamuel Barber: Commando March<br \/>\nPercy Grainger: Colonial Song<br \/>\nZechariah Goh: Concerto for Alto Saxophone and Wind Ensemble (World Premiere)<\/p>\n<p>&nbsp;<\/p>\n<p><strong>Singapore Saxophone Symposium 2012<\/strong><\/p>\n<p><u>Vince Gnojek<\/u><br \/>\nJohn Mackey: Sultana<br \/>\nJavier Zalba: Arabascos<br \/>\nMarvin Camacho Villegas: Nocturno y Danza<br \/>\nAaron L. Bramwell: Canciones Del Z\u00f6calo<br \/>\nJos\u00e9 Luis Cort\u00e9s: La Cascada!<\/p>\n<p><u>4 Unlike<\/u><br \/>\nWong Chun-Wai: Binding<br \/>\nLeung Chi-Hin: Interocular Illusion<br \/>\nHui Ngo-Shan Four Symbols<br \/>\nJoshua Pangilinan: Island Song<br \/>\nRichard Tsang Yip-Fat: Chance The Wind<br \/>\nChan Yuk-Pan: Fire Dance<br \/>\nHua Yan-Jun arr. Leung Yan Chiu: Two Springs Reflect the Moon<\/p>\n<p><u>Dan Gelok &amp; Low Chee Meng<\/u><br \/>\nFernande Decruck: Sonata in C-sharp for Alto Saxophone and Piano<br \/>\nYasuhiro Kasamatsu: Rhapsody and the Dance in Magreb 2 for Soprano Saxophone, Tenor Saxophone and Piano<br \/>\nCharles Stolte: True Confessions<br \/>\nZechariah Goh: Suite for Alto Saxophone and Piano<\/p>\n<p><u>Quatuor De Saxophone Diapason<\/u><br \/>\nJean-Baptiste Singl\u00e9e: Premiere Quatuor, Op. 53<br \/>\nJohann Sebastian Bach: Third movement from Italian Concerto<br \/>\nYiu-Kwong Chung: Cantos<br \/>\nArr. Ralph Martino: American Suite<br \/>\nArr. Hsing-Min Chung: Taiwan Folk Song for Saxophone Quartet<br \/>\nAstor Piazzolla: Libertango<\/p>\n<p><u>Amigo Saxophone Quartet plays Jeremiah Li (world premiere concert)<\/u><br \/>\nJeremiah Li: Symphony No. 1 for Saxophone Quartet<br \/>\nJeremiah Li: Concertino for Baritone Saxophone<br \/>\nJeremiah Li: Woot! Suite Sax!<\/p>\n<p><u>Gala Concert<\/u><br \/>\nCaryl Florio: Quartet<br \/>\nAstor Piazzolla: Milonga del Angel<br \/>\nZechariah Goh: Homage<br \/>\nClaude Thomas Smith: Fantasia for Alto Saxophone and Band<\/p>\n<p>&nbsp;<\/p>\n<p><strong>Singapore Saxophone Symposium 2011<\/strong><\/p>\n<p><u>Amigo Saxophone Quartet<\/u><br \/>\nPerry Goldstein: Blow<br \/>\nMichael Nyman: Songs for Tony I<br \/>\nThierry Escaich: Tango Virtuoso<br \/>\nEliott Carter: Canonic Suite<br \/>\nPasculli \/ Joshua Hyde: Le Api<br \/>\nLee Kah Hong Bernard: Though Nothing Can Bring Back The Hour (World Premiere)<br \/>\nAstor Piazzolla: Fuga y Misterio<br \/>\nJoe Hisaishi \/ Tak Chiu Wong: Princess Mononoke Suite<\/p>\n<p><u>Ogni Suono Saxophone Duo<\/u><br \/>\nMarilyn: Shrude Fantasmi<br \/>\nFran\u00e7ois Ross\u00e9: Ximix<br \/>\nJames Bunch: Ogni suono e un essere vivente<br \/>\nClaudio Gabriele: Duel<\/p>\n<p><u>Shyen Lee<\/u><br \/>\nJohn Duffy: Concerto for Tenor Saxophone<br \/>\nStefan Niculesa: Chat-Son<br \/>\nChristian Lauba: Masai<br \/>\nZechariah Goh: Suite for Alto Saxophone and Piano<\/p>\n<p><u>Dan Gelok and Si-Ning Chan<\/u><br \/>\nBrian Dykstra: Two Rags and an Interlude<br \/>\nChristian Lauba: Jungle<\/p>\n<p><u>Siam Saxophone Quartet<\/u><br \/>\nGy\u00f6rgy Ligeti: Six Bagatelles<br \/>\nBertrand Peign\u00e9: El Dourrha\u00efm<br \/>\nFrank Ticheli: Back Burner<\/p>\n<p><u>Chien-Kwan Lin<\/u><br \/>\nJohn Anthony Lennon: Distances Within Me<br \/>\nJohn Harbison: San Antonio<br \/>\nDavid Maslanka: Sonata<\/p>\n<p><u>Joshua Hyde &amp; Noa Even (Jean-Marie Londiex Competition Winners)<\/u><br \/>\nBruno Mantovani: L\u2019Incandescence de la Bruine<br \/>\nSamuel Andreyev: Micrographia<br \/>\nMarilyn Shrude: Renewing the Myth<br \/>\nThierry Alla: Digital<\/p>\n<p><u>Claude Delangle<\/u><br \/>\nJean-Baptiste Singl\u00e9e: Grand Duo Concertant for two saxophones and piano<br \/>\nFr\u00e9d\u00e9ric: Durieux Ubersicht 2 for solo saxophone<br \/>\nAstor Piazzolla: Etudes<br \/>\nMartin Loridan: Sunshine on Taxkorgan<\/p>\n<p><u>Gala Concert<\/u><br \/>\nZechariah Goh: Concertino for Alto Saxophone and Wind Ensemble<br \/>\nAlexander Glazunov: Concerto for Alto Saxophone<br \/>\nBob Mitzner: Concerto for Saxophone and Wind Ensemble<\/p>\n","protected":false},"excerpt":{"rendered":"<p>Repertoire Works previously performed at past Singapore Saxophone Symposiums include: Singapore Saxophone Symposium 2014 Javier Valerio Nelson Ramirez: Capricho del Campesino Triste (World Premiere) Carlos Castro: Nocturno para saxof\u00f3n solo (World Premiere) Javier Valerio: Bolero y Son para saxof\u00f3n soprano (World Premiere) Allen Torres: Concerto parap saxof\u00f3n alto y orquesta Sugar Bear Saxophone Quartet Astor [&hellip;]<\/p>\n","protected":false},"author":1,"featured_media":0,"parent":81,"menu_order":0,"comment_status":"closed","ping_status":"open","template":"","meta":[],"_links":{"self":[{"href":"https:\/\/singaporesaxophonesymposium.com\/2015\/wp-json\/wp\/v2\/pages\/295"}],"collection":[{"href":"https:\/\/singaporesaxophonesymposium.com\/2015\/wp-json\/wp\/v2\/pages"}],"about":[{"href":"https:\/\/singaporesaxophonesymposium.com\/2015\/wp-json\/wp\/v2\/types\/page"}],"author":[{"embeddable":true,"href":"https:\/\/singaporesaxophonesymposium.com\/2015\/wp-json\/wp\/v2\/users\/1"}],"replies":[{"embeddable":true,"href":"https:\/\/singaporesaxophonesymposium.com\/2015\/wp-json\/wp\/v2\/comments?post=295"}],"version-history":[{"count":4,"href":"https:\/\/singaporesaxophonesymposium.com\/2015\/wp-json\/wp\/v2\/pages\/295\/revisions"}],"predecessor-version":[{"id":299,"href":"https:\/\/singaporesaxophonesymposium.com\/2015\/wp-json\/wp\/v2\/pages\/295\/revisions\/299"}],"up":[{"embeddable":true,"href":"https:\/\/singaporesaxophonesymposium.com\/2015\/wp-json\/wp\/v2\/pages\/81"}],"wp:attachment":[{"href":"https:\/\/singaporesaxophonesymposium.com\/2015\/wp-json\/wp\/v2\/media?parent=295"}],"curies":[{"name":"wp","href":"https:\/\/api.w.org\/{rel}","templated":true}]}}