{"id":325,"date":"2015-08-03T15:57:52","date_gmt":"2015-08-03T07:57:52","guid":{"rendered":"http:\/\/singaporesaxophonesymposium.com\/?page_id=325"},"modified":"2015-08-06T14:26:12","modified_gmt":"2015-08-06T06:26:12","slug":"protege-saxophone-octet-singapore-saxophone-symposium-octet-recital","status":"publish","type":"page","link":"https:\/\/singaporesaxophonesymposium.com\/2015\/programme\/protege-saxophone-octet-singapore-saxophone-symposium-octet-recital\/","title":{"rendered":"Prot\u00e9g\u00e9 Saxophone Octet &#038; Singapore Saxophone Symposium Octet Recital"},"content":{"rendered":"<h2>Prot\u00e9g\u00e9 Saxophone Octet &amp; Singapore Saxophone Symposium Octet Recital<\/h2>\n<p>Saturday, 15 August 2015, 5pm \u2013 5.30pm<br \/>\nLee Foundation Theatre<\/p>\n<p>Eric Whitacre \/ arr. Saku: <em>October<\/em><\/p>\n<p>Dick Lee \/ Jeff Harrison \/ Sideaislers \/ arr. Jay Ong: <em>National Day Songs Medley<\/em><\/p>\n<p><strong>Prot\u00e9g\u00e9 Saxophone Octet<\/strong><\/p>\n<p>Giovanni Gabrieli \/ arr. Zechariah Goh: Canzon Primi Toni<\/p>\n<p>Claude Debussy \/ arr. Zechariah Goh: \u2018La fille aux cheveux de lin\u2019 from Preludes (Book 1 No. 8) arranged for saxophone octet<\/p>\n<p>Claude Debussy \/ arr. Zechariah Goh: <em>\u2018Minstrels\u2019 from Preludes (Book 1 No. 7)<\/em> arranged for saxophone octet<\/p>\n<p>Zechariah Goh: <em>Singaporean Folk Song Medley<\/em><\/p>\n<p>Traditional \/ arr. Philippe Geiss: <em>Sir Patrick<\/em> for saxophone septet<\/p>\n<p><strong>Singapore Saxophone Symposium Octet<\/strong><\/p>\n","protected":false},"excerpt":{"rendered":"<p>Prot\u00e9g\u00e9 Saxophone Octet &amp; Singapore Saxophone Symposium Octet Recital Saturday, 15 August 2015, 5pm \u2013 5.30pm Lee Foundation Theatre Eric Whitacre \/ arr. Saku: October Dick Lee \/ Jeff Harrison \/ Sideaislers \/ arr. Jay Ong: National Day Songs Medley Prot\u00e9g\u00e9 Saxophone Octet Giovanni Gabrieli \/ arr. Zechariah Goh: Canzon Primi Toni Claude Debussy \/ [&hellip;]<\/p>\n","protected":false},"author":1,"featured_media":0,"parent":42,"menu_order":0,"comment_status":"closed","ping_status":"open","template":"","meta":[],"_links":{"self":[{"href":"https:\/\/singaporesaxophonesymposium.com\/2015\/wp-json\/wp\/v2\/pages\/325"}],"collection":[{"href":"https:\/\/singaporesaxophonesymposium.com\/2015\/wp-json\/wp\/v2\/pages"}],"about":[{"href":"https:\/\/singaporesaxophonesymposium.com\/2015\/wp-json\/wp\/v2\/types\/page"}],"author":[{"embeddable":true,"href":"https:\/\/singaporesaxophonesymposium.com\/2015\/wp-json\/wp\/v2\/users\/1"}],"replies":[{"embeddable":true,"href":"https:\/\/singaporesaxophonesymposium.com\/2015\/wp-json\/wp\/v2\/comments?post=325"}],"version-history":[{"count":3,"href":"https:\/\/singaporesaxophonesymposium.com\/2015\/wp-json\/wp\/v2\/pages\/325\/revisions"}],"predecessor-version":[{"id":342,"href":"https:\/\/singaporesaxophonesymposium.com\/2015\/wp-json\/wp\/v2\/pages\/325\/revisions\/342"}],"up":[{"embeddable":true,"href":"https:\/\/singaporesaxophonesymposium.com\/2015\/wp-json\/wp\/v2\/pages\/42"}],"wp:attachment":[{"href":"https:\/\/singaporesaxophonesymposium.com\/2015\/wp-json\/wp\/v2\/media?parent=325"}],"curies":[{"name":"wp","href":"https:\/\/api.w.org\/{rel}","templated":true}]}}