{"id":135,"date":"2018-06-18T18:51:53","date_gmt":"2018-06-18T10:51:53","guid":{"rendered":"http:\/\/singaporesaxophonesymposium.com\/2018\/?page_id=135"},"modified":"2018-07-20T14:08:58","modified_gmt":"2018-07-20T06:08:58","slug":"recital-by-keuris-quartet","status":"publish","type":"page","link":"https:\/\/singaporesaxophonesymposium.com\/2018\/programme\/recital-by-keuris-quartet\/","title":{"rendered":"Recital by Keuris Quartet"},"content":{"rendered":"<article class=\"post-entry text-left\">\n<div class=\"entry-main\">\n<div class=\"entry-content\">\n<article class=\"post-entry text-left\">\n<div class=\"entry-main\">\n<div class=\"entry-content\">\n<h2>Recital by Keuris Quartet<\/h2>\n<p>Saturday, 11 August 2018, 8.45pm &#8211; 9.30pm<br \/>\nLee Foundation Theatre<\/p>\n<p>P\u00e9ter E\u00f6tv\u00f6s:\u00a0<em>Lectures diff\u00e9rentes<\/em><\/p>\n<div class=\"page\" title=\"Page 1\">\n<div class=\"layoutArea\">\n<div class=\"column\">\n<ol>\n<li><em>Sce\u0301ne 1\/A<\/em><\/li>\n<li><em>Sce\u0301ne 1\/B, lecture diffe\u0301rente<\/em><\/li>\n<li><em>Sce\u0301ne 2\/A<\/em><\/li>\n<li><em>Sce\u0301ne 2\/B, lecture diffe\u0301rente<\/em><\/li>\n<\/ol>\n<\/div>\n<\/div>\n<\/div>\n<p>Jiae Lee:\u00a0<em>Action painting <\/em>(written for Keuris Quartet)<\/p>\n<p>Christian Lauba: <em>Mambo<\/em> (World Premiere; written for Keuris Quartet)<\/p>\n<p><strong>Evgeny Novikov, soprano saxophone<br \/>\nStefan de Wijs, alto saxophone<br \/>\nMichal Grycko, tenor saxophone<br \/>\nJuan Manuel Dominguez, baritone saxophone<\/strong><\/p>\n<\/div>\n<\/div>\n<\/article>\n<\/div>\n<\/div>\n<\/article>\n","protected":false},"excerpt":{"rendered":"<p>Recital by Keuris Quartet Saturday, 11 August 2018, 8.45pm &#8211; 9.30pm Lee Foundation Theatre P\u00e9ter E\u00f6tv\u00f6s:\u00a0Lectures diff\u00e9rentes Sce\u0301ne 1\/A Sce\u0301ne 1\/B, lecture diffe\u0301rente Sce\u0301ne 2\/A Sce\u0301ne 2\/B, lecture diffe\u0301rente Jiae Lee:\u00a0Action painting (written for Keuris Quartet) Christian Lauba: Mambo (World Premiere; written for Keuris Quartet) Evgeny Novikov, soprano saxophone Stefan de Wijs, alto saxophone Michal [&hellip;]<\/p>\n","protected":false},"author":1,"featured_media":0,"parent":27,"menu_order":0,"comment_status":"closed","ping_status":"closed","template":"","meta":[],"_links":{"self":[{"href":"https:\/\/singaporesaxophonesymposium.com\/2018\/wp-json\/wp\/v2\/pages\/135"}],"collection":[{"href":"https:\/\/singaporesaxophonesymposium.com\/2018\/wp-json\/wp\/v2\/pages"}],"about":[{"href":"https:\/\/singaporesaxophonesymposium.com\/2018\/wp-json\/wp\/v2\/types\/page"}],"author":[{"embeddable":true,"href":"https:\/\/singaporesaxophonesymposium.com\/2018\/wp-json\/wp\/v2\/users\/1"}],"replies":[{"embeddable":true,"href":"https:\/\/singaporesaxophonesymposium.com\/2018\/wp-json\/wp\/v2\/comments?post=135"}],"version-history":[{"count":4,"href":"https:\/\/singaporesaxophonesymposium.com\/2018\/wp-json\/wp\/v2\/pages\/135\/revisions"}],"predecessor-version":[{"id":193,"href":"https:\/\/singaporesaxophonesymposium.com\/2018\/wp-json\/wp\/v2\/pages\/135\/revisions\/193"}],"up":[{"embeddable":true,"href":"https:\/\/singaporesaxophonesymposium.com\/2018\/wp-json\/wp\/v2\/pages\/27"}],"wp:attachment":[{"href":"https:\/\/singaporesaxophonesymposium.com\/2018\/wp-json\/wp\/v2\/media?parent=135"}],"curies":[{"name":"wp","href":"https:\/\/api.w.org\/{rel}","templated":true}]}}