{"id":196,"date":"2018-07-21T22:28:06","date_gmt":"2018-07-21T14:28:06","guid":{"rendered":"http:\/\/singaporesaxophonesymposium.com\/2018\/?page_id=196"},"modified":"2018-07-21T22:28:06","modified_gmt":"2018-07-21T14:28:06","slug":"recital-by-chien-kwan-lin","status":"publish","type":"page","link":"https:\/\/singaporesaxophonesymposium.com\/2018\/programme\/recital-by-chien-kwan-lin\/","title":{"rendered":"Recital by Chien-Kwan Lin"},"content":{"rendered":"<h2>Recital by Chien-Kwan Lin<\/h2>\n<p>Sunday, 12 August 2018, 5.30pm &#8211; 6pm<br \/>\nLee Foundation Theatre<\/p>\n<p>Claude Debussy:\u00a0<em>Premi\u00e8re Rhapsodie<\/em><\/p>\n<p>B\u00e9la Bart\u00f3k arr. Chien-Kwan Lin: <em>Romanian Folk Dances<br \/>\n<\/em><\/p>\n<p>Pablo de Sarasate arr. Chien-Kwan Lin \/ Gary Louie:\u00a0<em>Carmen Concert Fantasy, Op. 25<\/em><\/p>\n<p><strong>Chien-Kwan Lin, saxophone<\/strong><\/p>\n<p><strong>Jessica Leong, piano<\/strong><\/p>\n","protected":false},"excerpt":{"rendered":"<p>Recital by Chien-Kwan Lin Sunday, 12 August 2018, 5.30pm &#8211; 6pm Lee Foundation Theatre Claude Debussy:\u00a0Premi\u00e8re Rhapsodie B\u00e9la Bart\u00f3k arr. Chien-Kwan Lin: Romanian Folk Dances Pablo de Sarasate arr. Chien-Kwan Lin \/ Gary Louie:\u00a0Carmen Concert Fantasy, Op. 25 Chien-Kwan Lin, saxophone Jessica Leong, piano<\/p>\n","protected":false},"author":1,"featured_media":0,"parent":27,"menu_order":0,"comment_status":"closed","ping_status":"closed","template":"","meta":[],"_links":{"self":[{"href":"https:\/\/singaporesaxophonesymposium.com\/2018\/wp-json\/wp\/v2\/pages\/196"}],"collection":[{"href":"https:\/\/singaporesaxophonesymposium.com\/2018\/wp-json\/wp\/v2\/pages"}],"about":[{"href":"https:\/\/singaporesaxophonesymposium.com\/2018\/wp-json\/wp\/v2\/types\/page"}],"author":[{"embeddable":true,"href":"https:\/\/singaporesaxophonesymposium.com\/2018\/wp-json\/wp\/v2\/users\/1"}],"replies":[{"embeddable":true,"href":"https:\/\/singaporesaxophonesymposium.com\/2018\/wp-json\/wp\/v2\/comments?post=196"}],"version-history":[{"count":1,"href":"https:\/\/singaporesaxophonesymposium.com\/2018\/wp-json\/wp\/v2\/pages\/196\/revisions"}],"predecessor-version":[{"id":197,"href":"https:\/\/singaporesaxophonesymposium.com\/2018\/wp-json\/wp\/v2\/pages\/196\/revisions\/197"}],"up":[{"embeddable":true,"href":"https:\/\/singaporesaxophonesymposium.com\/2018\/wp-json\/wp\/v2\/pages\/27"}],"wp:attachment":[{"href":"https:\/\/singaporesaxophonesymposium.com\/2018\/wp-json\/wp\/v2\/media?parent=196"}],"curies":[{"name":"wp","href":"https:\/\/api.w.org\/{rel}","templated":true}]}}