{"id":200,"date":"2018-07-23T17:43:25","date_gmt":"2018-07-23T09:43:25","guid":{"rendered":"http:\/\/singaporesaxophonesymposium.com\/2018\/?page_id=200"},"modified":"2018-08-08T11:31:56","modified_gmt":"2018-08-08T03:31:56","slug":"play-off","status":"publish","type":"page","link":"https:\/\/singaporesaxophonesymposium.com\/2018\/programme\/play-off\/","title":{"rendered":"Play-Off"},"content":{"rendered":"<article class=\"post-entry text-left\">\n<div class=\"entry-main\">\n<div class=\"entry-content\">\n<article class=\"post-entry text-left\">\n<div class=\"entry-main\">\n<div class=\"entry-content\">\n<h2>Play-Off<\/h2>\n<p>Sunday, 12 August 2018, 2.45pm \u2013 3.45pm<br \/>\nLee Foundation Theatre<\/p>\n<p>Attakorn Sookjaeng: <em>Sadayu<\/em> for soprano saxophone<\/p>\n<p><strong>Methawut Pimphapatang, soprano saxophone<\/strong><\/p>\n<p>&nbsp;<\/p>\n<p>Christian Lauba: <em>Steady Study on the Boogie<\/em><\/p>\n<p><strong>Johann Koh, soprano saxophone<\/strong><\/p>\n<p>&nbsp;<\/p>\n<p>Marilyn Shrude: <em>Renewing the Myth<br \/>\n<\/em><\/p>\n<p><strong>Wu Jen Hong, saxophone<\/strong><\/p>\n<p>&nbsp;<\/p>\n<p>Gabriel Faur\u00e9: <em>\u00c9l\u00e9gie <\/em>for solo baritone saxophone and piano<\/p>\n<p>Steven Bryant: <em>Hummingbird<\/em><\/p>\n<p><strong>Chemie Ching, saxophone<\/strong><\/p>\n<p><strong>Jessica Leong, piano<\/strong><\/p>\n<p>&nbsp;<\/p>\n<p>Chong Kee Yong: <em>Shadow Chanting <\/em>for alto saxophone and live electronics<em><br \/>\n<\/em><\/p>\n<p><strong>Scarlet Gouk, alto saxophone<\/strong><\/p>\n<\/div>\n<p>&nbsp;<\/p>\n<p>Chen Gang arr. Long Wang: <em>Sunshine on Taxkorgan<\/em><em><br \/>\n<\/em><\/p>\n<p><strong>Henry Li, alto saxophone<\/strong><\/p>\n<p><strong>Natavi Sanunpanichakul, piano<\/strong><\/p>\n<p>&nbsp;<\/p>\n<p><strong>\u00a0<\/strong><\/p>\n<\/div>\n<\/article>\n<\/div>\n<\/div>\n<\/article>\n","protected":false},"excerpt":{"rendered":"<p>Play-Off Sunday, 12 August 2018, 2.45pm \u2013 3.45pm Lee Foundation Theatre Attakorn Sookjaeng: Sadayu for soprano saxophone Methawut Pimphapatang, soprano saxophone &nbsp; Christian Lauba: Steady Study on the Boogie Johann Koh, soprano saxophone &nbsp; Marilyn Shrude: Renewing the Myth Wu Jen Hong, saxophone &nbsp; Gabriel Faur\u00e9: \u00c9l\u00e9gie for solo baritone saxophone and piano Steven Bryant: [&hellip;]<\/p>\n","protected":false},"author":1,"featured_media":0,"parent":27,"menu_order":0,"comment_status":"closed","ping_status":"closed","template":"","meta":[],"_links":{"self":[{"href":"https:\/\/singaporesaxophonesymposium.com\/2018\/wp-json\/wp\/v2\/pages\/200"}],"collection":[{"href":"https:\/\/singaporesaxophonesymposium.com\/2018\/wp-json\/wp\/v2\/pages"}],"about":[{"href":"https:\/\/singaporesaxophonesymposium.com\/2018\/wp-json\/wp\/v2\/types\/page"}],"author":[{"embeddable":true,"href":"https:\/\/singaporesaxophonesymposium.com\/2018\/wp-json\/wp\/v2\/users\/1"}],"replies":[{"embeddable":true,"href":"https:\/\/singaporesaxophonesymposium.com\/2018\/wp-json\/wp\/v2\/comments?post=200"}],"version-history":[{"count":3,"href":"https:\/\/singaporesaxophonesymposium.com\/2018\/wp-json\/wp\/v2\/pages\/200\/revisions"}],"predecessor-version":[{"id":215,"href":"https:\/\/singaporesaxophonesymposium.com\/2018\/wp-json\/wp\/v2\/pages\/200\/revisions\/215"}],"up":[{"embeddable":true,"href":"https:\/\/singaporesaxophonesymposium.com\/2018\/wp-json\/wp\/v2\/pages\/27"}],"wp:attachment":[{"href":"https:\/\/singaporesaxophonesymposium.com\/2018\/wp-json\/wp\/v2\/media?parent=200"}],"curies":[{"name":"wp","href":"https:\/\/api.w.org\/{rel}","templated":true}]}}