{"id":72,"date":"2018-06-18T13:48:23","date_gmt":"2018-06-18T05:48:23","guid":{"rendered":"http:\/\/singaporesaxophonesymposium.com\/2018\/?page_id=72"},"modified":"2019-07-17T15:32:58","modified_gmt":"2019-07-17T07:32:58","slug":"chien-kwan-lin","status":"publish","type":"page","link":"https:\/\/singaporesaxophonesymposium.com\/2019\/performers\/chien-kwan-lin\/","title":{"rendered":"Chien-Kwan Lin"},"content":{"rendered":"\n<figure class=\"wp-block-image\"><img src=\"http:\/\/singaporesaxophonesymposium.com\/2018\/wp-content\/uploads\/2018\/06\/Chien-Kwan-Lin-1024x678.jpg\" alt=\"\" class=\"wp-image-73\"\/><\/figure>\n\n\n\n<h2>Chien-Kwan Lin<\/h2>\n\n\n\n<p>Chien-Kwan Lin (b. 1972, Singapore) has appeared as soloist and guest artist with the United States Navy Band, the Eastman Wind Ensemble, the Boston Modern Orchestra Project, the Tanglewood Festival Orchestra, the New World Symphony, the Portland (ME) Symphony, as well as the philharmonic and chamber orchestras of Boston, Rochester, Sichuan and Thailand.<\/p>\n\n\n\n<p>Mr. Lin\u2019s performances have garnered excellent reviews by critics in New York and Boston. His critically-acclaimed Carnegie Hall recital prompted <em>New York Concert Review<\/em> to portray him as a performer \u201cwho has the passion and restraint and beautiful sense of line to take melody where it wants to go, fully and generously,\u201d while the <em>Boston Globe<\/em> has lauded him for \u201cdisplaying chops,\u201d and has described his playing as \u201cpolished,\u201d \u201ccharismatic,\u201d and \u201cappealing.\u201d<\/p>\n\n\n\n<p>Recent appearances by Mr. Lin have included the World Saxophone Congress, North American Saxophone Alliance, Selmer Showroom (Paris), Steinway Hall (NYC), New England Saxophone Symposium, Texas Tech University International Saxophone Artists Series, U.S. Navy Band International Saxophone Symposium, Saxorama Festival (Canada), Fromm Players of Harvard University, and the Formosa Chamber Music Society of New York. He has presented master classes across the U.S. and internationally, including the Paris Conservatory (CNSMDP), Manuel Castillo Conservatory of Seville (Spain), Vienna Conservatory, National Taipei University for the Arts, Mahidol University (Thailand), as well as the Shenyang, Sichuan and Central (Beijing) Conservatories in China.<\/p>\n\n\n\n<p>Mr. Lin\u2019s recording of Lei Liang\u2019s <em>Memories of Xiaoxiang for Alto Saxophone &amp; Tape<\/em> (Mode Records) was selected among \u201cAmazon.com: Best 20<sup>th<\/sup>\/21<sup>st<\/sup> Century Classical of 2009,\u201d and his recording of David Liptak\u2019s <em>Serenade for Alto Saxophone &amp; String Orchestra<\/em>, which John Pitcher of the <em>Rochester Democrat and Chronicle<\/em> called \u201cbrilliantly recorded,\u201d is available on Bridge Records.&nbsp; His recording of Liang\u2019s <em>Xiaoxiang Concerto<\/em> with the Boston Modern Orchestra Project was also named a Pulitzer Prize Finalist in 2015.<\/p>\n\n\n\n<p>Mr. Lin is currently Associate Professor of Saxophone at the Eastman School of Music, where members of his studio have been frequent prizewinners at some of the most prestigious competitions internationally.&nbsp; He is the founding director of the Eastman Saxophone Project (ESP), as well as the recipient of the 2012-2013 Eisenhart Award for Excellence in Teaching.&nbsp; Mr. Lin is an artist and clinician for Selmer and Vandoren companies, and performs exclusively on these products. He holds degrees from the New England Conservatory (BM, MM) and Eastman (Performer\u2019s Certificate, DMA). His teachers have included Ken Radnofsky and Ramon Ricker.<\/p>\n\n\n\n<h3>Performers<\/h3>\n\n\n\n<p>Chien-Kwan Lin, saxophone<br>Pi-Lin Ni, piano<\/p>\n\n\n\n<h3>Programme<\/h3>\n\n\n\n<p>Maurice Ravel trans. David Walter: <em>Sonatine<\/em><br><em>I.  Mod\u00e9r\u00e9<br>II. Mouvement de Menuet<br>III. Anim\u00e9<\/em><\/p>\n\n\n\n<p>Erwin Schulhoff: <em>Hot Sonate for alto saxophone and piano<\/em><br><em>I.<br>II.<br>III.<br>IV.<\/em><\/p>\n","protected":false},"excerpt":{"rendered":"<p>Chien-Kwan Lin Chien-Kwan Lin (b. 1972, Singapore) has appeared as soloist and guest artist with the United States Navy Band, the Eastman Wind Ensemble, the Boston Modern Orchestra Project, the Tanglewood Festival Orchestra, the New World Symphony, the Portland (ME) Symphony, as well as the philharmonic and chamber orchestras of Boston, Rochester, Sichuan and Thailand. [&hellip;]<\/p>\n","protected":false},"author":1,"featured_media":0,"parent":25,"menu_order":0,"comment_status":"closed","ping_status":"closed","template":"","meta":[],"_links":{"self":[{"href":"https:\/\/singaporesaxophonesymposium.com\/2019\/wp-json\/wp\/v2\/pages\/72"}],"collection":[{"href":"https:\/\/singaporesaxophonesymposium.com\/2019\/wp-json\/wp\/v2\/pages"}],"about":[{"href":"https:\/\/singaporesaxophonesymposium.com\/2019\/wp-json\/wp\/v2\/types\/page"}],"author":[{"embeddable":true,"href":"https:\/\/singaporesaxophonesymposium.com\/2019\/wp-json\/wp\/v2\/users\/1"}],"replies":[{"embeddable":true,"href":"https:\/\/singaporesaxophonesymposium.com\/2019\/wp-json\/wp\/v2\/comments?post=72"}],"version-history":[{"count":4,"href":"https:\/\/singaporesaxophonesymposium.com\/2019\/wp-json\/wp\/v2\/pages\/72\/revisions"}],"predecessor-version":[{"id":542,"href":"https:\/\/singaporesaxophonesymposium.com\/2019\/wp-json\/wp\/v2\/pages\/72\/revisions\/542"}],"up":[{"embeddable":true,"href":"https:\/\/singaporesaxophonesymposium.com\/2019\/wp-json\/wp\/v2\/pages\/25"}],"wp:attachment":[{"href":"https:\/\/singaporesaxophonesymposium.com\/2019\/wp-json\/wp\/v2\/media?parent=72"}],"curies":[{"name":"wp","href":"https:\/\/api.w.org\/{rel}","templated":true}]}}