{"id":217,"date":"2018-08-09T21:45:14","date_gmt":"2018-08-09T13:45:14","guid":{"rendered":"http:\/\/singaporesaxophonesymposium.com\/2018\/?page_id=217"},"modified":"2022-07-18T17:03:19","modified_gmt":"2022-07-18T09:03:19","slug":"gala-concert","status":"publish","type":"page","link":"https:\/\/singaporesaxophonesymposium.com\/2022\/programme\/gala-concert\/","title":{"rendered":"Singapore Saxophone Symposium 2022 Gala Concert"},"content":{"rendered":"\n<h2>Singapore Saxophone Symposium 2022 Gala Concert<\/h2>\n\n\n\n<p>Saturday, 23 July 2022, 7.30pm &#8211; 9.30pm<br>Lee Foundation Theatre<\/p>\n\n\n\n<p><\/p>\n\n\n\n<p>Baljinder Singh Sekhon: <em>Sonata of Puzzles<\/em><br><em>I. Never-Ending Jigsaw<br>II. Dead-End Labryinth<br>III. Crossword on Fire<br><\/em><strong>Shyen Lee, Alto saxophone<\/strong><br><strong>Cecilia Ratna, Piano<\/strong><\/p>\n\n\n\n<p><\/p>\n\n\n\n<p>Andr\u00e9 Caplet: <em>Leg\u00e9nde<\/em><br><strong>Tan Yun Qu, Alto saxophone<\/strong><br><strong>Cecilia Ratna, Piano<\/strong><br><br>Alfred Desenclos: <em>Pr\u00e9lude, Cadence et Finale<\/em><br><strong>Danielle Ong, Alto saxophone<\/strong><br><strong>Cecilia Ratna, Piano<\/strong><\/p>\n\n\n\n<p><\/p>\n\n\n\n<p>Libby Larsen: <em>Holy Roller<\/em><br><strong>Johann Koh, Alto saxophone<\/strong><br><strong>Cecilia Ratna, Piano<\/strong><\/p>\n\n\n\n<p><\/p>\n\n\n\n<p>Werner Heider: <em>Sonata in Jazz<\/em><br><em>I. Movement 1<br>II. Movement 2<br>III. Movement 3<\/em><br><strong>Arno Bornkamp, Alto saxophone<\/strong><br><strong>Cecilia Ratna, Piano<\/strong><\/p>\n\n\n\n<p><\/p>\n\n\n\n<p>Intermission (15&#8242;)<\/p>\n\n\n\n<p><\/p>\n\n\n\n<p>Zechariah Goh: <em>Confluence<\/em><br><strong>Zechariah Goh, Conductor<\/strong><br><strong>Eugene Toh, Mridangam<br>Tan Yun Qu, Soprano saxophone<br>Johann Koh, Soprano saxophone<br>Breyann Lennard Taganahan Bantoc, Soprano saxophone<br>Joseph Chong, Alto saxophone<br>Keith Kok, Alto saxophone<br>Marc Yee, Alto saxophone<br>Luo Tianze, Tenor saxophone<br>Wang Zhiheng, Tenor saxophone<br>Samuel Phua, Tenor saxophone<br>Danielle Ong, Baritone saxophone<br>Xavier Tan, Baritone saxophone<br>Michellina Chan, Baritone saxophone<\/strong><\/p>\n\n\n\n<p><\/p>\n\n\n\n<p>Marcel Zarvos: <em>Memory <\/em>from<em> Nepomuk&#8217;s Dances<\/em><br><strong>Tan Yun Qu, Soprano saxophone<\/strong><br><strong>Johann Koh, Alto saxophone<br>Luo Tianze, Tenor saxophone<br>Danielle Ong, Baritone saxophone<\/strong><\/p>\n\n\n\n<p><\/p>\n\n\n\n<p>Jay Ong: <em>Pelog and Play<\/em><br>Astor Piazzolla: <em>Histoire du Tango<\/em><br><em>I. Bordel 1900<\/em><br>Rudy Wiedoef: <em>Saxophobia<\/em><br><strong>Johann Koh, Soprano saxophone<\/strong><br><strong>Marc Yee, Alto saxophone<br>Wang Zhiheng, Tenor saxophone<br>Xavier Tan, Baritone saxophone<\/strong><\/p>\n\n\n\n<p><\/p>\n\n\n\n<p>Jacob Ter Veldhuis: <em>Syracuse Blues<\/em><br><strong>Arno Bornkamp, Soprano saxophone<\/strong><br><strong>Johann Koh, Alto saxophone<br>Marc Yee, Alto saxophone<\/strong><br><strong>Wang Zhiheng, Tenor saxophone<br>Xavier Tan, Baritone saxophone<\/strong><\/p>\n\n\n\n<p><\/p>\n\n\n\n<p>Philippe Geiss: <em>Branora<\/em><br><strong>Arno Bornkamp, Soprano saxophone<br>Johann Koh, Soprano saxophone<br>Tan Yun Qu, Alto saxophone<\/strong><br><strong>Marc Yee, Alto saxophone<br>Wang Zhiheng, Tenor saxophone<br>Danielle Ong, Baritone saxophone<br>Xavier Tan, Baritone saxophone<\/strong><\/p>\n\n\n\n<p><\/p>\n\n\n\n<p>Alexander Glazunov arr. Vincent David: <em>Concerto in E-flat major, Op. 109<\/em><br><strong>Arno Bornkamp, Alto saxophone soloist<br>Michellina Chan, Conductor<br>Tan Yun Qu, Soprano saxophone<br>Johann Koh, Alto saxophone<br>Marc Yee, Alto saxophone<br>Luo Tianze, Tenor saxophone<br>Wang Zhiheng, Tenor saxophone<br>Danielle Ong, Baritone saxophone<br>Xavier Tan, Baritone saxophone<br>Breyann Lennard Taganahan Bantoc, Bass saxophone<\/strong><\/p>\n\n\n\n<p><\/p>\n","protected":false},"excerpt":{"rendered":"<p>Singapore Saxophone Symposium 2022 Gala Concert Saturday, 23 July 2022, 7.30pm &#8211; 9.30pmLee Foundation Theatre Baljinder Singh Sekhon: Sonata of PuzzlesI. Never-Ending JigsawII. Dead-End LabryinthIII. Crossword on FireShyen Lee, Alto saxophoneCecilia Ratna, Piano Andr\u00e9 Caplet: Leg\u00e9ndeTan Yun Qu, Alto saxophoneCecilia Ratna, Piano Alfred Desenclos: Pr\u00e9lude, Cadence et FinaleDanielle Ong, Alto saxophoneCecilia Ratna, Piano Libby Larsen: [&hellip;]<\/p>\n","protected":false},"author":1,"featured_media":0,"parent":27,"menu_order":0,"comment_status":"closed","ping_status":"closed","template":"","meta":[],"_links":{"self":[{"href":"https:\/\/singaporesaxophonesymposium.com\/2022\/wp-json\/wp\/v2\/pages\/217"}],"collection":[{"href":"https:\/\/singaporesaxophonesymposium.com\/2022\/wp-json\/wp\/v2\/pages"}],"about":[{"href":"https:\/\/singaporesaxophonesymposium.com\/2022\/wp-json\/wp\/v2\/types\/page"}],"author":[{"embeddable":true,"href":"https:\/\/singaporesaxophonesymposium.com\/2022\/wp-json\/wp\/v2\/users\/1"}],"replies":[{"embeddable":true,"href":"https:\/\/singaporesaxophonesymposium.com\/2022\/wp-json\/wp\/v2\/comments?post=217"}],"version-history":[{"count":21,"href":"https:\/\/singaporesaxophonesymposium.com\/2022\/wp-json\/wp\/v2\/pages\/217\/revisions"}],"predecessor-version":[{"id":723,"href":"https:\/\/singaporesaxophonesymposium.com\/2022\/wp-json\/wp\/v2\/pages\/217\/revisions\/723"}],"up":[{"embeddable":true,"href":"https:\/\/singaporesaxophonesymposium.com\/2022\/wp-json\/wp\/v2\/pages\/27"}],"wp:attachment":[{"href":"https:\/\/singaporesaxophonesymposium.com\/2022\/wp-json\/wp\/v2\/media?parent=217"}],"curies":[{"name":"wp","href":"https:\/\/api.w.org\/{rel}","templated":true}]}}