{"id":1123,"date":"2025-05-14T02:09:36","date_gmt":"2025-05-13T18:09:36","guid":{"rendered":"https:\/\/singaporesaxophonesymposium.com\/2025\/?page_id=1123"},"modified":"2025-05-17T01:11:49","modified_gmt":"2025-05-16T17:11:49","slug":"protege-saxophone-ensemble-2","status":"publish","type":"page","link":"https:\/\/singaporesaxophonesymposium.com\/2025\/artists\/protege-saxophone-ensemble-2\/","title":{"rendered":"Prot\u00e9g\u00e9 Saxophone Ensemble"},"content":{"rendered":"\n<figure class=\"wp-block-image size-large is-resized\"><img loading=\"lazy\" decoding=\"async\" width=\"682\" height=\"1024\" src=\"https:\/\/singaporesaxophonesymposium.com\/2025\/wp-content\/uploads\/2025\/05\/Protege-Saxophone-Ensemble-682x1024.jpeg\" alt=\"\" class=\"wp-image-1146\" style=\"width:446px;height:auto\" srcset=\"https:\/\/singaporesaxophonesymposium.com\/2025\/wp-content\/uploads\/2025\/05\/Protege-Saxophone-Ensemble-682x1024.jpeg 682w, https:\/\/singaporesaxophonesymposium.com\/2025\/wp-content\/uploads\/2025\/05\/Protege-Saxophone-Ensemble-200x300.jpeg 200w, https:\/\/singaporesaxophonesymposium.com\/2025\/wp-content\/uploads\/2025\/05\/Protege-Saxophone-Ensemble-768x1152.jpeg 768w, https:\/\/singaporesaxophonesymposium.com\/2025\/wp-content\/uploads\/2025\/05\/Protege-Saxophone-Ensemble.jpeg 853w\" sizes=\"auto, (max-width: 682px) 100vw, 682px\" \/><\/figure>\n\n\n\n<h2 class=\"wp-block-heading\">Prot\u00e9g\u00e9 Saxophone Ensemble<\/h2>\n\n\n\n<p>Founded in 2014, the Prot\u00e9g\u00e9 Saxophone Ensemble is a semi-professional arts group, comprising of both amateur and professional saxophonists from all over Singapore. They have been invited to perform around Asia, in Bangkok and Chiangmai, Thailand as well as in China.<\/p>\n\n\n\n<hr class=\"wp-block-separator has-alpha-channel-opacity\"\/>\n\n\n\n<h3 class=\"wp-block-heading\">Recital by Prot\u00e9g\u00e9 Saxophone Ensemble<\/h3>\n\n\n\n<p>Saturday, 31 May 2025, 2pm &#8211; 2:30pm<br>Lee Foundation Theatre<\/p>\n\n\n\n<p>Zechariah Goh: <em>Souvenirs from Singapore<\/em><\/p>\n\n\n\n<p>Ana T. Nguyen: <em>Starlit Horizon<\/em><\/p>\n\n\n\n<p>Kitti Kuremanee: <em>Monsoon Sketches<\/em><br>III. Happy Rainy Day<\/p>\n\n\n\n<p><strong>Prot\u00e9g\u00e9 Saxophone Ensemble<\/strong><br><strong>Fu Xuefei, Jeff Gao Ye Wei, Huang Ruiyao, Breyann Lennard, Ma Tianrui, Merwyn Masagca, Issac Neo, Wang Zhiheng, Yang Zongao and Marc Yee Jun-Xiang, Saxophones<\/strong><\/p>\n","protected":false},"excerpt":{"rendered":"<p>Prot\u00e9g\u00e9 Saxophone Ensemble Founded in 2014, the Prot\u00e9g\u00e9 Saxophone Ensemble is a semi-professional arts group, comprising of both amateur and professional saxophonists from all over Singapore. They have been invited to perform around Asia, in Bangkok and Chiangmai, Thailand as well as in China. Recital by Prot\u00e9g\u00e9 Saxophone Ensemble Saturday, 31 May 2025, 2pm &#8211; [&hellip;]<\/p>\n","protected":false},"author":1,"featured_media":0,"parent":25,"menu_order":0,"comment_status":"closed","ping_status":"closed","template":"","meta":{"footnotes":""},"class_list":["post-1123","page","type-page","status-publish","hentry"],"_links":{"self":[{"href":"https:\/\/singaporesaxophonesymposium.com\/2025\/wp-json\/wp\/v2\/pages\/1123","targetHints":{"allow":["GET"]}}],"collection":[{"href":"https:\/\/singaporesaxophonesymposium.com\/2025\/wp-json\/wp\/v2\/pages"}],"about":[{"href":"https:\/\/singaporesaxophonesymposium.com\/2025\/wp-json\/wp\/v2\/types\/page"}],"author":[{"embeddable":true,"href":"https:\/\/singaporesaxophonesymposium.com\/2025\/wp-json\/wp\/v2\/users\/1"}],"replies":[{"embeddable":true,"href":"https:\/\/singaporesaxophonesymposium.com\/2025\/wp-json\/wp\/v2\/comments?post=1123"}],"version-history":[{"count":5,"href":"https:\/\/singaporesaxophonesymposium.com\/2025\/wp-json\/wp\/v2\/pages\/1123\/revisions"}],"predecessor-version":[{"id":1184,"href":"https:\/\/singaporesaxophonesymposium.com\/2025\/wp-json\/wp\/v2\/pages\/1123\/revisions\/1184"}],"up":[{"embeddable":true,"href":"https:\/\/singaporesaxophonesymposium.com\/2025\/wp-json\/wp\/v2\/pages\/25"}],"wp:attachment":[{"href":"https:\/\/singaporesaxophonesymposium.com\/2025\/wp-json\/wp\/v2\/media?parent=1123"}],"curies":[{"name":"wp","href":"https:\/\/api.w.org\/{rel}","templated":true}]}}